{"id":224498,"date":"2022-02-22T10:42:44","date_gmt":"2022-02-22T09:42:44","guid":{"rendered":"https:\/\/www.wastreat.com\/siturilor-miniere-tratate"},"modified":"2022-03-01T10:13:58","modified_gmt":"2022-03-01T09:13:58","slug":"siturilor-miniere-tratate","status":"publish","type":"page","link":"https:\/\/www.wastreat.com\/ro\/siturilor-miniere-tratate","title":{"rendered":"Siturilor miniere tratate"},"content":{"rendered":"<p>[et_pb_section fb_built=&#8221;1&#8243; _builder_version=&#8221;4.14.6&#8243; custom_margin=&#8221;10px|20px||20px|false|true&#8221; custom_padding=&#8221;0px|40px||40px|false|true&#8221; border_radii=&#8221;off|10px|10px||&#8221; global_colors_info=&#8221;{}&#8221;][et_pb_row column_structure=&#8221;3_5,2_5&#8243; _builder_version=&#8221;4.14.6&#8243; background_size=&#8221;initial&#8221; background_position=&#8221;top_left&#8221; background_repeat=&#8221;repeat&#8221; width=&#8221;100%&#8221; max_width=&#8221;100%&#8221; custom_margin=&#8221;||0px||false|false&#8221; custom_padding=&#8221;||0px||false|false&#8221; collapsed=&#8221;off&#8221; global_colors_info=&#8221;{}&#8221;][et_pb_column type=&#8221;3_5&#8243; _builder_version=&#8221;3.25&#8243; custom_padding=&#8221;|||&#8221; global_colors_info=&#8221;{}&#8221; custom_padding__hover=&#8221;|||&#8221;][et_pb_text _builder_version=&#8221;4.14.6&#8243; text_font=&#8221;Arial||||||||&#8221; text_text_color=&#8221;#555555&#8243; header_text_color=&#8221;#cc7100&#8243; background_size=&#8221;initial&#8221; background_position=&#8221;top_left&#8221; background_repeat=&#8221;repeat&#8221; global_colors_info=&#8221;{}&#8221;]<\/p>\n<h1 id=\"titolo\"><strong>Siturilor miniere tratate<\/strong><\/h1>\n<p>\n<\/p>\n<p>[\/et_pb_text][\/et_pb_column][et_pb_column type=&#8221;2_5&#8243; _builder_version=&#8221;3.25&#8243; custom_padding=&#8221;|||&#8221; global_colors_info=&#8221;{}&#8221; custom_padding__hover=&#8221;|||&#8221;][\/et_pb_column][\/et_pb_row][et_pb_row column_structure=&#8221;3_5,2_5&#8243; _builder_version=&#8221;4.14.6&#8243; background_size=&#8221;initial&#8221; background_position=&#8221;top_left&#8221; background_repeat=&#8221;repeat&#8221; width=&#8221;100%&#8221; max_width=&#8221;100%&#8221; custom_padding=&#8221;0px||||false|false&#8221; collapsed=&#8221;off&#8221; global_colors_info=&#8221;{}&#8221;][et_pb_column type=&#8221;3_5&#8243; _builder_version=&#8221;3.25&#8243; custom_padding=&#8221;|||&#8221; global_colors_info=&#8221;{}&#8221; custom_padding__hover=&#8221;|||&#8221;][et_pb_text _builder_version=&#8221;4.14.6&#8243; text_font=&#8221;Arial||||||||&#8221; text_text_color=&#8221;#555555&#8243; header_text_color=&#8221;#555555&#8243; background_size=&#8221;initial&#8221; background_position=&#8221;top_left&#8221; background_repeat=&#8221;repeat&#8221; global_colors_info=&#8221;{}&#8221;]<\/p>\n<h1 id=\"titolo\"><strong style=\"font-size: 16px;\">Baia Borsa a mea<\/strong><\/h1>\n<div id=\"contenutiUtente\">\n<p><span>Minier este \u00eemp\u0103r\u0163it \u00een mai multe site-uri cu instala\u0163ie de tratare centralizat\u0103<\/span><\/p>\n<ul>\n<li><span>Status: Inactiv<\/span><\/li>\n<li><span>C\u00e2mp:<\/span>\n<ul>\n<li><span>Est: tabular\u0103 tectonized \u00een roci metamorfice<\/span><\/li>\n<li><span>West (norvegian\u0103): tendin\u0163e \u00een intruziuni vulcanice<\/span><\/li>\n<\/ul>\n<\/li>\n<li><span>Zona de est<\/span>\n<ul>\n<li><span>Minerale: calcopirite, Galena, sphalerite<\/span><\/li>\n<li><span>Concentra\u0163iei de metale: Cu-Pb-0.6 0.4 -0.5% -0,8% Zn-1.5% -2<\/span><\/li>\n<\/ul>\n<\/li>\n<li><span>West:<\/span>\n<ul>\n<li><span>(Gold)<\/span><\/li>\n<li><span>Nativ<\/span><\/li>\n<li><span>Asociate cu pirita (p\u00e2n\u0103 la 20 -24 g \/ t)<\/span><\/li>\n<\/ul>\n<\/li>\n<li><span>Zgur\u0103 depozite<\/span>\n<ul>\n<li><span>Aproape de la un sistem (vezi foto)<\/span><\/li>\n<li><span>vest (\u00eenc\u0103 umed)<\/span><\/li>\n<li><span>Concentra\u0163iei de metale-Cu-Pb 0.6 0.1 -0.15% -0,8% Zn-1.5% -2<\/span><\/li>\n<\/ul>\n<\/li>\n<\/ul>\n<p><span><strong>Miniera di Balan<\/strong><\/span><\/p>\n<ul>\n<li><span>Stato: Inattiva (chiusura 2006)<\/span><\/li>\n<li><span>C\u00e2mp:<\/span>\n<ul>\n<li><span>Tabulare tettonizzato in rocce metamorfiche<\/span><\/li>\n<li><span>Riserve in situ: 8.000.000 t ca<\/span><\/li>\n<\/ul>\n<\/li>\n<li><span>Minerale principale:<\/span>\n<ul>\n<li><span>Calcopirite<\/span><\/li>\n<li><span>Concentrazione metalli-Cu 0,4 -1,5%-Au 1 g\/t-Ag 40 -70 g\/t<\/span><\/li>\n<\/ul>\n<\/li>\n<li><span>Deposito tailings n\u00b02<\/span>\n<ul>\n<li><span>Quantit\u00e0: 7.000.000 t<\/span><\/li>\n<li><span>Composizione:-SiO266 -70 %-Cu 0,05 %-Fe 7,2 -7,5 %-As 0,02 %<\/span><\/li>\n<\/ul>\n<\/li>\n<li><span>Deposito tailings n\u00b03<\/span>\n<ul>\n<li><span>Quantit\u00e0: 7.000.000 t<\/span><\/li>\n<li><span>Composizione:-SiO261 -65 %-Cu 0,07 -0,08 %-Fe 7 -8 %-Ag 3,5 -4,5 g\/t<\/span><\/li>\n<\/ul>\n<\/li>\n<li><span>Deposito tailings n\u00b04<\/span>\n<ul>\n<li><span>Quantit\u00e0: 24.000.000 t<\/span><\/li>\n<li><span>Composizione:-SiO264 -65 %-Cu 0,03 -0,14 %-Fe 7,5 -10 %-Ag 7,3 -7,4 g\/t<\/span><\/li>\n<\/ul>\n<\/li>\n<\/ul>\n<\/div>\n<p>\n<\/p>\n<p>[\/et_pb_text][\/et_pb_column][et_pb_column type=&#8221;2_5&#8243; _builder_version=&#8221;3.25&#8243; custom_padding=&#8221;|||&#8221; global_colors_info=&#8221;{}&#8221; custom_padding__hover=&#8221;|||&#8221;][et_pb_gallery gallery_ids=&#8221;224259,224260,224261,224262,224263,224264,224265,224266,224267&#8243; posts_number=&#8221;100&#8243; show_pagination=&#8221;off&#8221; _builder_version=&#8221;4.14.6&#8243; _module_preset=&#8221;default&#8221; global_colors_info=&#8221;{}&#8221;][\/et_pb_gallery][\/et_pb_column][\/et_pb_row][\/et_pb_section]<\/p>\n","protected":false},"excerpt":{"rendered":"<p>Siturilor miniere tratate Baia Borsa a mea Minier este \u00eemp\u0103r\u0163it \u00een mai multe site-uri cu instala\u0163ie de tratare centralizat\u0103 Status: Inactiv C\u00e2mp: Est: tabular\u0103 tectonized \u00een roci metamorfice West (norvegian\u0103): tendin\u0163e \u00een intruziuni vulcanice Zona de est Minerale: calcopirite, Galena, sphalerite Concentra\u0163iei de metale: Cu-Pb-0.6 0.4 -0.5% -0,8% Zn-1.5% -2 West: (Gold) Nativ Asociate cu [&hellip;]<\/p>\n","protected":false},"author":1,"featured_media":224575,"parent":0,"menu_order":20,"comment_status":"closed","ping_status":"closed","template":"","meta":{"_et_pb_use_builder":"on","_et_pb_old_content":"","_et_gb_content_width":"","footnotes":""},"class_list":["post-224498","page","type-page","status-publish","has-post-thumbnail","hentry"],"yoast_head":"<!-- This site is optimized with the Yoast SEO plugin v27.3 - https:\/\/yoast.com\/product\/yoast-seo-wordpress\/ -->\n<title>Siturilor miniere tratate - Was Treat<\/title>\n<meta name=\"robots\" content=\"index, follow, max-snippet:-1, max-image-preview:large, max-video-preview:-1\" \/>\n<link rel=\"canonical\" href=\"https:\/\/www.wastreat.com\/ro\/siturilor-miniere-tratate\" \/>\n<meta property=\"og:locale\" content=\"ro_RO\" \/>\n<meta property=\"og:type\" content=\"article\" \/>\n<meta property=\"og:title\" content=\"Siturilor miniere tratate - Was Treat\" \/>\n<meta property=\"og:description\" content=\"Siturilor miniere tratate Baia Borsa a mea Minier este \u00eemp\u0103r\u0163it \u00een mai multe site-uri cu instala\u0163ie de tratare centralizat\u0103 Status: Inactiv C\u00e2mp: Est: tabular\u0103 tectonized \u00een roci metamorfice West (norvegian\u0103): tendin\u0163e \u00een intruziuni vulcanice Zona de est Minerale: calcopirite, Galena, sphalerite Concentra\u0163iei de metale: Cu-Pb-0.6 0.4 -0.5% -0,8% Zn-1.5% -2 West: (Gold) Nativ Asociate cu [&hellip;]\" \/>\n<meta property=\"og:url\" content=\"https:\/\/www.wastreat.com\/ro\/siturilor-miniere-tratate\" \/>\n<meta property=\"og:site_name\" content=\"Was Treat\" \/>\n<meta property=\"article:modified_time\" content=\"2022-03-01T09:13:58+00:00\" \/>\n<meta property=\"og:image\" content=\"https:\/\/www.wastreat.com\/wp-content\/uploads\/2022\/02\/img-0779copia.jpg\" \/>\n\t<meta property=\"og:image:width\" content=\"640\" \/>\n\t<meta property=\"og:image:height\" content=\"480\" \/>\n\t<meta property=\"og:image:type\" content=\"image\/jpeg\" \/>\n<meta name=\"twitter:card\" content=\"summary_large_image\" \/>\n<meta name=\"twitter:label1\" content=\"Timp estimat pentru citire\" \/>\n\t<meta name=\"twitter:data1\" content=\"2 minute\" \/>\n<script type=\"application\/ld+json\" class=\"yoast-schema-graph\">{\"@context\":\"https:\\\/\\\/schema.org\",\"@graph\":[{\"@type\":\"WebPage\",\"@id\":\"https:\\\/\\\/www.wastreat.com\\\/ro\\\/siturilor-miniere-tratate\",\"url\":\"https:\\\/\\\/www.wastreat.com\\\/ro\\\/siturilor-miniere-tratate\",\"name\":\"Siturilor miniere tratate - Was Treat\",\"isPartOf\":{\"@id\":\"https:\\\/\\\/www.wastreat.com\\\/ro#website\"},\"primaryImageOfPage\":{\"@id\":\"https:\\\/\\\/www.wastreat.com\\\/ro\\\/siturilor-miniere-tratate#primaryimage\"},\"image\":{\"@id\":\"https:\\\/\\\/www.wastreat.com\\\/ro\\\/siturilor-miniere-tratate#primaryimage\"},\"thumbnailUrl\":\"https:\\\/\\\/www.wastreat.com\\\/wp-content\\\/uploads\\\/2022\\\/02\\\/img-0779copia.jpg\",\"datePublished\":\"2022-02-22T09:42:44+00:00\",\"dateModified\":\"2022-03-01T09:13:58+00:00\",\"breadcrumb\":{\"@id\":\"https:\\\/\\\/www.wastreat.com\\\/ro\\\/siturilor-miniere-tratate#breadcrumb\"},\"inLanguage\":\"ro-RO\",\"potentialAction\":[{\"@type\":\"ReadAction\",\"target\":[\"https:\\\/\\\/www.wastreat.com\\\/ro\\\/siturilor-miniere-tratate\"]}]},{\"@type\":\"ImageObject\",\"inLanguage\":\"ro-RO\",\"@id\":\"https:\\\/\\\/www.wastreat.com\\\/ro\\\/siturilor-miniere-tratate#primaryimage\",\"url\":\"https:\\\/\\\/www.wastreat.com\\\/wp-content\\\/uploads\\\/2022\\\/02\\\/img-0779copia.jpg\",\"contentUrl\":\"https:\\\/\\\/www.wastreat.com\\\/wp-content\\\/uploads\\\/2022\\\/02\\\/img-0779copia.jpg\",\"width\":640,\"height\":480},{\"@type\":\"BreadcrumbList\",\"@id\":\"https:\\\/\\\/www.wastreat.com\\\/ro\\\/siturilor-miniere-tratate#breadcrumb\",\"itemListElement\":[{\"@type\":\"ListItem\",\"position\":1,\"name\":\"Home\",\"item\":\"https:\\\/\\\/www.wastreat.com\\\/ro\\\/home\"},{\"@type\":\"ListItem\",\"position\":2,\"name\":\"Home\",\"item\":\"https:\\\/\\\/www.wastreat.com\\\/ro\\\/home\"},{\"@type\":\"ListItem\",\"position\":3,\"name\":\"Siturilor miniere tratate\"}]},{\"@type\":\"WebSite\",\"@id\":\"https:\\\/\\\/www.wastreat.com\\\/ro#website\",\"url\":\"https:\\\/\\\/www.wastreat.com\\\/ro\",\"name\":\"Was Treat\",\"description\":\"Un nuovo sito targato Euchia\",\"potentialAction\":[{\"@type\":\"SearchAction\",\"target\":{\"@type\":\"EntryPoint\",\"urlTemplate\":\"https:\\\/\\\/www.wastreat.com\\\/ro?s={search_term_string}\"},\"query-input\":{\"@type\":\"PropertyValueSpecification\",\"valueRequired\":true,\"valueName\":\"search_term_string\"}}],\"inLanguage\":\"ro-RO\"}]}<\/script>\n<!-- \/ Yoast SEO plugin. -->","yoast_head_json":{"title":"Siturilor miniere tratate - Was Treat","robots":{"index":"index","follow":"follow","max-snippet":"max-snippet:-1","max-image-preview":"max-image-preview:large","max-video-preview":"max-video-preview:-1"},"canonical":"https:\/\/www.wastreat.com\/ro\/siturilor-miniere-tratate","og_locale":"ro_RO","og_type":"article","og_title":"Siturilor miniere tratate - Was Treat","og_description":"Siturilor miniere tratate Baia Borsa a mea Minier este \u00eemp\u0103r\u0163it \u00een mai multe site-uri cu instala\u0163ie de tratare centralizat\u0103 Status: Inactiv C\u00e2mp: Est: tabular\u0103 tectonized \u00een roci metamorfice West (norvegian\u0103): tendin\u0163e \u00een intruziuni vulcanice Zona de est Minerale: calcopirite, Galena, sphalerite Concentra\u0163iei de metale: Cu-Pb-0.6 0.4 -0.5% -0,8% Zn-1.5% -2 West: (Gold) Nativ Asociate cu [&hellip;]","og_url":"https:\/\/www.wastreat.com\/ro\/siturilor-miniere-tratate","og_site_name":"Was Treat","article_modified_time":"2022-03-01T09:13:58+00:00","og_image":[{"width":640,"height":480,"url":"https:\/\/www.wastreat.com\/wp-content\/uploads\/2022\/02\/img-0779copia.jpg","type":"image\/jpeg"}],"twitter_card":"summary_large_image","twitter_misc":{"Timp estimat pentru citire":"2 minute"},"schema":{"@context":"https:\/\/schema.org","@graph":[{"@type":"WebPage","@id":"https:\/\/www.wastreat.com\/ro\/siturilor-miniere-tratate","url":"https:\/\/www.wastreat.com\/ro\/siturilor-miniere-tratate","name":"Siturilor miniere tratate - Was Treat","isPartOf":{"@id":"https:\/\/www.wastreat.com\/ro#website"},"primaryImageOfPage":{"@id":"https:\/\/www.wastreat.com\/ro\/siturilor-miniere-tratate#primaryimage"},"image":{"@id":"https:\/\/www.wastreat.com\/ro\/siturilor-miniere-tratate#primaryimage"},"thumbnailUrl":"https:\/\/www.wastreat.com\/wp-content\/uploads\/2022\/02\/img-0779copia.jpg","datePublished":"2022-02-22T09:42:44+00:00","dateModified":"2022-03-01T09:13:58+00:00","breadcrumb":{"@id":"https:\/\/www.wastreat.com\/ro\/siturilor-miniere-tratate#breadcrumb"},"inLanguage":"ro-RO","potentialAction":[{"@type":"ReadAction","target":["https:\/\/www.wastreat.com\/ro\/siturilor-miniere-tratate"]}]},{"@type":"ImageObject","inLanguage":"ro-RO","@id":"https:\/\/www.wastreat.com\/ro\/siturilor-miniere-tratate#primaryimage","url":"https:\/\/www.wastreat.com\/wp-content\/uploads\/2022\/02\/img-0779copia.jpg","contentUrl":"https:\/\/www.wastreat.com\/wp-content\/uploads\/2022\/02\/img-0779copia.jpg","width":640,"height":480},{"@type":"BreadcrumbList","@id":"https:\/\/www.wastreat.com\/ro\/siturilor-miniere-tratate#breadcrumb","itemListElement":[{"@type":"ListItem","position":1,"name":"Home","item":"https:\/\/www.wastreat.com\/ro\/home"},{"@type":"ListItem","position":2,"name":"Home","item":"https:\/\/www.wastreat.com\/ro\/home"},{"@type":"ListItem","position":3,"name":"Siturilor miniere tratate"}]},{"@type":"WebSite","@id":"https:\/\/www.wastreat.com\/ro#website","url":"https:\/\/www.wastreat.com\/ro","name":"Was Treat","description":"Un nuovo sito targato Euchia","potentialAction":[{"@type":"SearchAction","target":{"@type":"EntryPoint","urlTemplate":"https:\/\/www.wastreat.com\/ro?s={search_term_string}"},"query-input":{"@type":"PropertyValueSpecification","valueRequired":true,"valueName":"search_term_string"}}],"inLanguage":"ro-RO"}]}},"_links":{"self":[{"href":"https:\/\/www.wastreat.com\/ro\/wp-json\/wp\/v2\/pages\/224498","targetHints":{"allow":["GET"]}}],"collection":[{"href":"https:\/\/www.wastreat.com\/ro\/wp-json\/wp\/v2\/pages"}],"about":[{"href":"https:\/\/www.wastreat.com\/ro\/wp-json\/wp\/v2\/types\/page"}],"author":[{"embeddable":true,"href":"https:\/\/www.wastreat.com\/ro\/wp-json\/wp\/v2\/users\/1"}],"replies":[{"embeddable":true,"href":"https:\/\/www.wastreat.com\/ro\/wp-json\/wp\/v2\/comments?post=224498"}],"version-history":[{"count":5,"href":"https:\/\/www.wastreat.com\/ro\/wp-json\/wp\/v2\/pages\/224498\/revisions"}],"predecessor-version":[{"id":224764,"href":"https:\/\/www.wastreat.com\/ro\/wp-json\/wp\/v2\/pages\/224498\/revisions\/224764"}],"wp:featuredmedia":[{"embeddable":true,"href":"https:\/\/www.wastreat.com\/ro\/wp-json\/wp\/v2\/media\/224575"}],"wp:attachment":[{"href":"https:\/\/www.wastreat.com\/ro\/wp-json\/wp\/v2\/media?parent=224498"}],"curies":[{"name":"wp","href":"https:\/\/api.w.org\/{rel}","templated":true}]}}